{"id":1945,"date":"2023-03-16T18:30:09","date_gmt":"2023-03-16T18:30:09","guid":{"rendered":"https:\/\/fotofles.rs\/?page_id=1945"},"modified":"2023-03-21T18:15:32","modified_gmt":"2023-03-21T18:15:32","slug":"stampa-i-koricenje","status":"publish","type":"page","link":"https:\/\/fotofles.rs\/index.php\/stampa-i-koricenje\/","title":{"rendered":"\u0160TAMPA I KORI\u010cENJE"},"content":{"rendered":"<p>\u017delite da Va\u0161 seminarski, maturski radovi i druga dokumenta<br \/>\nbudu kvalitetno od\u0161tampani? Fotokopiranje na Ricoh liniji u kolor<br \/>\ni crno beloj tehnici, kao i spiralno kori\u010denje koje radimo u Foto<br \/>\nFle\u0161u \u0107e pomo\u0107i da vam radovi i dokumenti budu kvalitetni i trajni.<\/p>\n<style type=\"text\/css\" scoped>.rbs_gallery_69f604538e40bSpinner{\r\n\t\t\t\tmargin: 50px auto;\r\n\t\t\t\twidth: 50px;\r\n\t\t\t\theight: 40px;\r\n\t\t\t\ttext-align: center;\r\n\t\t\t\tfont-size: 10px;\r\n\t\t\t}\r\n\t\t\t.rbs_gallery_69f604538e40bSpinner > div{\r\n\t\t\t  background-color: #333;\r\n\t\t\t  height: 100%;\r\n\t\t\t  width: 6px;\r\n\t\t\t  display: inline-block;\r\n\t\t\t  -webkit-animation: rbs_gallery_69f604538e40b-stretchdelay 1.2s infinite ease-in-out;\r\n\t\t\t  animation: rbs_gallery_69f604538e40b-stretchdelay 1.2s infinite ease-in-out;\r\n\t\t\t}\r\n\t\t\t.rbs_gallery_69f604538e40bSpinner .rbs_gallery_69f604538e40bRect2 {\r\n\t\t\t  -webkit-animation-delay: -1.1s;\r\n\t\t\t  animation-delay: -1.1s;\r\n\t\t\t}\r\n\t\t\t.rbs_gallery_69f604538e40bSpinner .rbs_gallery_69f604538e40bRect3 {\r\n\t\t\t  -webkit-animation-delay: -1.0s;\r\n\t\t\t  animation-delay: -1.0s;\r\n\t\t\t}\r\n\t\t\t.rbs_gallery_69f604538e40bSpinner .rbs_gallery_69f604538e40bRect4 {\r\n\t\t\t  -webkit-animation-delay: -0.9s;\r\n\t\t\t  animation-delay: -0.9s;\r\n\t\t\t}\r\n\t\t\t.rbs_gallery_69f604538e40bSpinner .rbs_gallery_69f604538e40bRect5 {\r\n\t\t\t  -webkit-animation-delay: -0.8s;\r\n\t\t\t  animation-delay: -0.8s;\r\n\t\t\t}\r\n\t\t\t@-webkit-keyframes rbs_gallery_69f604538e40b-stretchdelay {\r\n\t\t\t  0%, 40%, 100% { -webkit-transform: scaleY(0.4) }  \r\n\t\t\t  20% { -webkit-transform: scaleY(1.0) }\r\n\t\t\t}\r\n\t\t\t@keyframes rbs_gallery_69f604538e40b-stretchdelay {\r\n\t\t\t  0%, 40%, 100% { \r\n\t\t\t    transform: scaleY(0.4);\r\n\t\t\t    -webkit-transform: scaleY(0.4);\r\n\t\t\t  }  20% { \r\n\t\t\t    transform: scaleY(1.0);\r\n\t\t\t    -webkit-transform: scaleY(1.0);\r\n\t\t\t  }\r\n\t\t\t}\r\n\t\t<\/style><div class=\"robo-gallery-wrap robo-gallery-wrap-id1717 robo-gallery-grid\" ><div id=\"rbs_gallery_69f604538e40b-block-loader\" class=\"rbs_gallery_69f604538e40bSpinner\"><div class=\"rbs_gallery_69f604538e40bRect1\"><\/div> <div class=\"rbs_gallery_69f604538e40bRect2\"><\/div> <div class=\"rbs_gallery_69f604538e40bRect3\"><\/div> <div class=\"rbs_gallery_69f604538e40bRect4\"><\/div> <div class=\"rbs_gallery_69f604538e40bRect5\"><\/div><\/div><div id=\"robo_gallery_main_block_rbs_gallery_69f604538e40b\" class=\"robogallery-gallery-1717\" style=\"width:100%;  display: none;\"><div id=\"rbs_gallery_69f604538e40b\" data-options=\"rbs_gallery_69f604538e40b\" style=\"width:100%;\" class=\"robo_gallery  \"><div class=\"rbs-img  category1717 \" ><div class=\"rbs-img-image   rbs-lightbox \" ><div class=\"rbs-img-thumbs\"  data-thumbnail=\"https:\/\/fotofles.rs\/wp-content\/uploads\/2023\/03\/56.jpg\"  title=\"56\"  data-width=\"512\"  data-height=\"640\" ><\/div><div class=\"rbs-img-data-popup\"  data-popup=\"https:\/\/fotofles.rs\/wp-content\/uploads\/2023\/03\/56.jpg\"  title=\"56\" ><\/div><div class=\"thumbnail-overlay\"><div class=\"rbsTitle \">56<\/div><div class=\"rbsIcons\"><i class=\"fa fa-search-plus rbsZoomIcon \" ><\/i><\/div><\/div><\/div><\/div><\/div><\/div><\/div><script>var rbs_gallery_69f604538e40b = {\"version\":\"3.2.13\",\"id\":1717,\"class\":\"id1717\",\"roboGalleryDelay\":1000,\"mainContainer\":\"#robo_gallery_main_block_rbs_gallery_69f604538e40b\",\"loadingContainer\":\"#rbs_gallery_69f604538e40b-block-loader\",\"loadingContainerObj\":\"rbs_gallery_69f604538e40b-block-loader\",\"columnWidth\":\"auto\",\"columns\":3,\"resolutions\":[{\"columnWidth\":\"auto\",\"columns\":3,\"maxWidth\":960},{\"columnWidth\":\"auto\",\"columns\":2,\"maxWidth\":650},{\"columnWidth\":\"auto\",\"columns\":1,\"maxWidth\":450}],\"lightboxOptions\":{\"gallery\":{\"enabled\":true,\"tCounter\":\"%curr% of %total%\"}},\"overlayEffect\":\"direction-aware-fade\",\"boxesToLoadStart\":12,\"boxesToLoad\":8,\"waitUntilThumbLoads\":1,\"LoadingWord\":\"Loading...\",\"loadMoreWord\":\"Load More\",\"noMoreEntriesWord\":\"No More Entries\",\"horizontalSpaceBetweenBoxes\":15,\"verticalSpaceBetweenBoxes\":15,\"lazyLoad\":1,\"wrapContainer\":\"#robo-gallery-wrap-rbs_gallery_69f604538e40b\"};<\/script>\n<div class=\"stellissimo-container\" style=\"background-color:FFF\">\n\t\t\t\t   <p>Enter the text or HTML code here<\/p>\n               <\/div>","protected":false},"excerpt":{"rendered":"<p>\u017delite da Va\u0161 seminarski, maturski radovi i druga dokumenta budu kvalitetno od\u0161tampani? Fotokopiranje na Ricoh liniji u kolor i crno beloj tehnici, kao i spiralno kori\u010denje koje radimo u Foto Fle\u0161u \u0107e pomo\u0107i da vam radovi i dokumenti budu kvalitetni i trajni. Enter the text or HTML code here<\/p>\n","protected":false},"author":1,"featured_media":0,"parent":0,"menu_order":0,"comment_status":"closed","ping_status":"closed","template":"","meta":{"ngg_post_thumbnail":0,"footnotes":""},"class_list":["post-1945","page","type-page","status-publish","hentry"],"yoast_head":"<!-- This site is optimized with the Yoast SEO plugin v20.3 - https:\/\/yoast.com\/wordpress\/plugins\/seo\/ -->\n<title>\u0160TAMPA I KORI\u010cENJE -<\/title>\n<meta name=\"robots\" content=\"index, follow, max-snippet:-1, max-image-preview:large, max-video-preview:-1\" \/>\n<link rel=\"canonical\" href=\"https:\/\/fotofles.rs\/index.php\/stampa-i-koricenje\/\" \/>\n<meta property=\"og:locale\" content=\"en_US\" \/>\n<meta property=\"og:type\" content=\"article\" \/>\n<meta property=\"og:title\" content=\"\u0160TAMPA I KORI\u010cENJE -\" \/>\n<meta property=\"og:description\" content=\"\u017delite da Va\u0161 seminarski, maturski radovi i druga dokumenta budu kvalitetno od\u0161tampani? Fotokopiranje na Ricoh liniji u kolor i crno beloj tehnici, kao i spiralno kori\u010denje koje radimo u Foto Fle\u0161u \u0107e pomo\u0107i da vam radovi i dokumenti budu kvalitetni i trajni. Enter the text or HTML code here\" \/>\n<meta property=\"og:url\" content=\"https:\/\/fotofles.rs\/index.php\/stampa-i-koricenje\/\" \/>\n<meta property=\"article:modified_time\" content=\"2023-03-21T18:15:32+00:00\" \/>\n<meta name=\"twitter:card\" content=\"summary_large_image\" \/>\n<meta name=\"twitter:label1\" content=\"Est. reading time\" \/>\n\t<meta name=\"twitter:data1\" content=\"1 minute\" \/>\n<script type=\"application\/ld+json\" class=\"yoast-schema-graph\">{\"@context\":\"https:\/\/schema.org\",\"@graph\":[{\"@type\":\"WebPage\",\"@id\":\"https:\/\/fotofles.rs\/index.php\/stampa-i-koricenje\/\",\"url\":\"https:\/\/fotofles.rs\/index.php\/stampa-i-koricenje\/\",\"name\":\"\u0160TAMPA I KORI\u010cENJE -\",\"isPartOf\":{\"@id\":\"https:\/\/fotofles.rs\/#website\"},\"datePublished\":\"2023-03-16T18:30:09+00:00\",\"dateModified\":\"2023-03-21T18:15:32+00:00\",\"breadcrumb\":{\"@id\":\"https:\/\/fotofles.rs\/index.php\/stampa-i-koricenje\/#breadcrumb\"},\"inLanguage\":\"en-US\",\"potentialAction\":[{\"@type\":\"ReadAction\",\"target\":[\"https:\/\/fotofles.rs\/index.php\/stampa-i-koricenje\/\"]}]},{\"@type\":\"BreadcrumbList\",\"@id\":\"https:\/\/fotofles.rs\/index.php\/stampa-i-koricenje\/#breadcrumb\",\"itemListElement\":[{\"@type\":\"ListItem\",\"position\":1,\"name\":\"Home\",\"item\":\"https:\/\/fotofles.rs\/\"},{\"@type\":\"ListItem\",\"position\":2,\"name\":\"\u0160TAMPA I KORI\u010cENJE\"}]},{\"@type\":\"WebSite\",\"@id\":\"https:\/\/fotofles.rs\/#website\",\"url\":\"https:\/\/fotofles.rs\/\",\"name\":\"\",\"description\":\"30 godina sa Vama\",\"potentialAction\":[{\"@type\":\"SearchAction\",\"target\":{\"@type\":\"EntryPoint\",\"urlTemplate\":\"https:\/\/fotofles.rs\/?s={search_term_string}\"},\"query-input\":\"required name=search_term_string\"}],\"inLanguage\":\"en-US\"}]}<\/script>\n<!-- \/ Yoast SEO plugin. -->","yoast_head_json":{"title":"\u0160TAMPA I KORI\u010cENJE -","robots":{"index":"index","follow":"follow","max-snippet":"max-snippet:-1","max-image-preview":"max-image-preview:large","max-video-preview":"max-video-preview:-1"},"canonical":"https:\/\/fotofles.rs\/index.php\/stampa-i-koricenje\/","og_locale":"en_US","og_type":"article","og_title":"\u0160TAMPA I KORI\u010cENJE -","og_description":"\u017delite da Va\u0161 seminarski, maturski radovi i druga dokumenta budu kvalitetno od\u0161tampani? Fotokopiranje na Ricoh liniji u kolor i crno beloj tehnici, kao i spiralno kori\u010denje koje radimo u Foto Fle\u0161u \u0107e pomo\u0107i da vam radovi i dokumenti budu kvalitetni i trajni. Enter the text or HTML code here","og_url":"https:\/\/fotofles.rs\/index.php\/stampa-i-koricenje\/","article_modified_time":"2023-03-21T18:15:32+00:00","twitter_card":"summary_large_image","twitter_misc":{"Est. reading time":"1 minute"},"schema":{"@context":"https:\/\/schema.org","@graph":[{"@type":"WebPage","@id":"https:\/\/fotofles.rs\/index.php\/stampa-i-koricenje\/","url":"https:\/\/fotofles.rs\/index.php\/stampa-i-koricenje\/","name":"\u0160TAMPA I KORI\u010cENJE -","isPartOf":{"@id":"https:\/\/fotofles.rs\/#website"},"datePublished":"2023-03-16T18:30:09+00:00","dateModified":"2023-03-21T18:15:32+00:00","breadcrumb":{"@id":"https:\/\/fotofles.rs\/index.php\/stampa-i-koricenje\/#breadcrumb"},"inLanguage":"en-US","potentialAction":[{"@type":"ReadAction","target":["https:\/\/fotofles.rs\/index.php\/stampa-i-koricenje\/"]}]},{"@type":"BreadcrumbList","@id":"https:\/\/fotofles.rs\/index.php\/stampa-i-koricenje\/#breadcrumb","itemListElement":[{"@type":"ListItem","position":1,"name":"Home","item":"https:\/\/fotofles.rs\/"},{"@type":"ListItem","position":2,"name":"\u0160TAMPA I KORI\u010cENJE"}]},{"@type":"WebSite","@id":"https:\/\/fotofles.rs\/#website","url":"https:\/\/fotofles.rs\/","name":"","description":"30 godina sa Vama","potentialAction":[{"@type":"SearchAction","target":{"@type":"EntryPoint","urlTemplate":"https:\/\/fotofles.rs\/?s={search_term_string}"},"query-input":"required name=search_term_string"}],"inLanguage":"en-US"}]}},"_links":{"self":[{"href":"https:\/\/fotofles.rs\/index.php\/wp-json\/wp\/v2\/pages\/1945","targetHints":{"allow":["GET"]}}],"collection":[{"href":"https:\/\/fotofles.rs\/index.php\/wp-json\/wp\/v2\/pages"}],"about":[{"href":"https:\/\/fotofles.rs\/index.php\/wp-json\/wp\/v2\/types\/page"}],"author":[{"embeddable":true,"href":"https:\/\/fotofles.rs\/index.php\/wp-json\/wp\/v2\/users\/1"}],"replies":[{"embeddable":true,"href":"https:\/\/fotofles.rs\/index.php\/wp-json\/wp\/v2\/comments?post=1945"}],"version-history":[{"count":3,"href":"https:\/\/fotofles.rs\/index.php\/wp-json\/wp\/v2\/pages\/1945\/revisions"}],"predecessor-version":[{"id":2007,"href":"https:\/\/fotofles.rs\/index.php\/wp-json\/wp\/v2\/pages\/1945\/revisions\/2007"}],"wp:attachment":[{"href":"https:\/\/fotofles.rs\/index.php\/wp-json\/wp\/v2\/media?parent=1945"}],"curies":[{"name":"wp","href":"https:\/\/api.w.org\/{rel}","templated":true}]}}