{"id":152,"date":"2017-12-17T10:06:43","date_gmt":"2017-12-17T10:06:43","guid":{"rendered":"https:\/\/wordpress.gradientthemes.com\/brand-shop\/about\/"},"modified":"2023-03-21T17:43:15","modified_gmt":"2023-03-21T17:43:15","slug":"about","status":"publish","type":"page","link":"https:\/\/fotofles.rs\/index.php\/about\/","title":{"rendered":"O NAMA"},"content":{"rendered":"<div id=\"pl-152\"  class=\"panel-layout\" ><div id=\"pg-152-0\"  class=\"panel-grid panel-no-style\" ><div id=\"pgc-152-0-0\"  class=\"panel-grid-cell\" ><div id=\"panel-152-0-0-0\" class=\"so-panel widget widget_sow-editor panel-first-child panel-last-child\" data-index=\"0\" ><div\n\t\t\t\n\t\t\tclass=\"so-widget-sow-editor so-widget-sow-editor-base\"\n\t\t\t\n\t\t>\n<div class=\"siteorigin-widget-tinymce textwidget\">\n\t<figure><img loading=\"lazy\" decoding=\"async\" class=\"alignleft\" src=\"https:\/\/fotofles.rs\/wp-content\/uploads\/2023\/03\/LOGO-HEADING-MALI2.png\" alt=\"\" width=\"107\" height=\"74\"\/><\/figure>\n<h2>KO SMO MI<\/h2>\n<p style=\"text-align: left;\">Foto Fle\u0161 \u2013 kvalitet potvr\u0111en tradicijom, tradicija dokazana kvalitetom, to smo mi u najkra\u0107em. Ipak, potro\u0161i\u0107emo jo\u0161 nekoliko minuta Va\u0161eg dragocenog vremena, da bismo Vas upoznali sa na\u0161im uslugama, kako biste imali jasniju sliku o nama. Foto Fle\u0161 kao fotografska radnja i studio je po\u010deo sa radom 1996. godine u Ba\u010dkoj Palanci&nbsp; u ulici \u017darka Zrenjanina 68a. Godinama smo sinonim kvalitetne fotografije, dobre usluge i povoljnih cena u Ba\u010dkoj Palanci, ali i \u0161ire. Iz dana u dan, polako i sigurno smo rasli do onoga \u0161to smo danas, fotografska radnja i studio u kome mo\u017eete&nbsp; zahavalju\u0107i na\u0161em ljubaznom osoblju biti uslu\u017eeni onako kako to dolikuje kupcu, na najvi\u0161em nivou. Hiljade na\u0161ih mu\u0161terija koje nam se stalno iznova vra\u0107aju&nbsp; najbolji su dokaz da je put kojim idemo pravi. Tra\u017eite mesto gde \u0107e te mo\u0107i da izradite svoje fotografije? Na\u0161li ste ga, to je upravo Foto Fle\u0161 u kome u Fuji Frontier laboratoriji izra\u0111ujemo Va\u0161e fotografije. U Foto Fle\u0161u u kvalitetnom studiju i fotografi\u0161emo uz profesionalno osvetljenje. Takodje vr\u0161imo fotografisanje Va\u0161ih najlep\u0161ih trenutaka na terenu (kr\u0161tenje, rodjendani, svadbe). Va\u0161e fotografije je o\u0161tetio zub vremena? Posetite nas, bi\u0107ete iznena\u0111eni \u0161ta mo\u017eemo da u\u010dinimo od Va\u0161ih starih slika. Kompjuterskim retu\u0161iranjem \u0107emo udahnuti nov \u017eivot Va\u0161im fotografijama. \u017delite li originalan poklon? I u toj prilici mo\u017eemo da Vam se na\u0111emo pri ruci. U ponudi Foto Fle\u0161a je izrada kalendara sa fotografijama koje odaberete, izrada foto puzli i \u0161tampanje fotografija na \u0161oljama i majicama kao i izrada privezaka. \u017delite da Va\u0161 seminarski, maturski radovi i druga dokumenta budu kvalitetno od\u0161tampani? Fotokopiranje na Ricoh liniji u kolor i crno beloj tehnici, kao i spiralno kori\u010denje, koje radimo u Foto Fle\u0161u \u0107e pomo\u0107i da vam radovi i dokumenti budu kvalitetni i trajni. \u0160tampamo vizit karte, pozivnice i flajere. U Foto Fle\u0161u mo\u017eete kupiti svu prate\u0107u foto-opremu&nbsp; neophodnu da Va\u0161e fotografije budu kvalitetne i posebne. U ponudi takodje imamo i velik izbor baterija, memorijskih kartica, usb, slu\u0161alica, tastatura kao i foto ramova i foto albuma. Naravno, to nije sve, jer ono \u0161to mi radimo i nudimo ne mo\u017ee se opisati samo re\u010dima, zato preporu\u010dujemo da nas posetite i uverite se sami u ono \u0161to je ovde napisano. Hvala Vam na izdvojenom vremenu da nas upoznate virtuelno, bi\u0107e nam \u010dast da se upoznamo i u Foto Fle\u0161u. Posetite nas u u Ba\u010dkoj Palanci, u ulici \u017darka Zrenjanina 68a. Va\u0161 FotoFle\u0161<\/p>\n<p><img loading=\"lazy\" decoding=\"async\" class=\"wp-image-1777 alignnone\" src=\"https:\/\/fotofles.rs\/wp-content\/uploads\/2023\/03\/cropped-LOGO-HEADING-MALI2.png\" alt=\"\" width=\"65\" height=\"45\"\/><\/p>\n<\/div>\n<\/div><\/div><\/div><\/div><\/div><div class=\"stellissimo-container\" style=\"background-color:FFF\">\n\t\t\t\t   <p>Enter the text or HTML code here<\/p>\n               <\/div>","protected":false},"excerpt":{"rendered":"<p>KO SMO MI Foto Fle\u0161 \u2013 kvalitet potvr\u0111en tradicijom, tradicija dokazana kvalitetom, to smo mi u najkra\u0107em. Ipak, potro\u0161i\u0107emo jo\u0161 nekoliko minuta Va\u0161eg dragocenog vremena, da bismo Vas upoznali sa na\u0161im uslugama, kako biste imali jasniju sliku o nama. Foto Fle\u0161 kao fotografska radnja i studio je po\u010deo sa radom 1996. godine u Ba\u010dkoj Palanci&nbsp; [&hellip;]<\/p>\n","protected":false},"author":1,"featured_media":0,"parent":0,"menu_order":0,"comment_status":"closed","ping_status":"closed","template":"","meta":{"ngg_post_thumbnail":0,"footnotes":""},"class_list":["post-152","page","type-page","status-publish","hentry"],"yoast_head":"<!-- This site is optimized with the Yoast SEO plugin v20.3 - https:\/\/yoast.com\/wordpress\/plugins\/seo\/ -->\n<title>O NAMA -<\/title>\n<meta name=\"robots\" content=\"index, follow, max-snippet:-1, max-image-preview:large, max-video-preview:-1\" \/>\n<link rel=\"canonical\" href=\"https:\/\/fotofles.rs\/index.php\/about\/\" \/>\n<meta property=\"og:locale\" content=\"en_US\" \/>\n<meta property=\"og:type\" content=\"article\" \/>\n<meta property=\"og:title\" content=\"O NAMA -\" \/>\n<meta property=\"og:description\" content=\"KO SMO MI Foto Fle\u0161 \u2013 kvalitet potvr\u0111en tradicijom, tradicija dokazana kvalitetom, to smo mi u najkra\u0107em. Ipak, potro\u0161i\u0107emo jo\u0161 nekoliko minuta Va\u0161eg dragocenog vremena, da bismo Vas upoznali sa na\u0161im uslugama, kako biste imali jasniju sliku o nama. Foto Fle\u0161 kao fotografska radnja i studio je po\u010deo sa radom 1996. godine u Ba\u010dkoj Palanci&nbsp; [&hellip;]\" \/>\n<meta property=\"og:url\" content=\"https:\/\/fotofles.rs\/index.php\/about\/\" \/>\n<meta property=\"article:modified_time\" content=\"2023-03-21T17:43:15+00:00\" \/>\n<meta property=\"og:image\" content=\"https:\/\/fotofles.rs\/wp-content\/uploads\/2023\/03\/LOGO-HEADING-MALI2.png\" \/>\n<meta name=\"twitter:card\" content=\"summary_large_image\" \/>\n<meta name=\"twitter:label1\" content=\"Est. reading time\" \/>\n\t<meta name=\"twitter:data1\" content=\"3 minutes\" \/>\n<script type=\"application\/ld+json\" class=\"yoast-schema-graph\">{\"@context\":\"https:\/\/schema.org\",\"@graph\":[{\"@type\":\"WebPage\",\"@id\":\"https:\/\/fotofles.rs\/index.php\/about\/\",\"url\":\"https:\/\/fotofles.rs\/index.php\/about\/\",\"name\":\"O NAMA -\",\"isPartOf\":{\"@id\":\"https:\/\/fotofles.rs\/#website\"},\"datePublished\":\"2017-12-17T10:06:43+00:00\",\"dateModified\":\"2023-03-21T17:43:15+00:00\",\"breadcrumb\":{\"@id\":\"https:\/\/fotofles.rs\/index.php\/about\/#breadcrumb\"},\"inLanguage\":\"en-US\",\"potentialAction\":[{\"@type\":\"ReadAction\",\"target\":[\"https:\/\/fotofles.rs\/index.php\/about\/\"]}]},{\"@type\":\"BreadcrumbList\",\"@id\":\"https:\/\/fotofles.rs\/index.php\/about\/#breadcrumb\",\"itemListElement\":[{\"@type\":\"ListItem\",\"position\":1,\"name\":\"Home\",\"item\":\"https:\/\/fotofles.rs\/\"},{\"@type\":\"ListItem\",\"position\":2,\"name\":\"O NAMA\"}]},{\"@type\":\"WebSite\",\"@id\":\"https:\/\/fotofles.rs\/#website\",\"url\":\"https:\/\/fotofles.rs\/\",\"name\":\"\",\"description\":\"30 godina sa Vama\",\"potentialAction\":[{\"@type\":\"SearchAction\",\"target\":{\"@type\":\"EntryPoint\",\"urlTemplate\":\"https:\/\/fotofles.rs\/?s={search_term_string}\"},\"query-input\":\"required name=search_term_string\"}],\"inLanguage\":\"en-US\"}]}<\/script>\n<!-- \/ Yoast SEO plugin. -->","yoast_head_json":{"title":"O NAMA -","robots":{"index":"index","follow":"follow","max-snippet":"max-snippet:-1","max-image-preview":"max-image-preview:large","max-video-preview":"max-video-preview:-1"},"canonical":"https:\/\/fotofles.rs\/index.php\/about\/","og_locale":"en_US","og_type":"article","og_title":"O NAMA -","og_description":"KO SMO MI Foto Fle\u0161 \u2013 kvalitet potvr\u0111en tradicijom, tradicija dokazana kvalitetom, to smo mi u najkra\u0107em. Ipak, potro\u0161i\u0107emo jo\u0161 nekoliko minuta Va\u0161eg dragocenog vremena, da bismo Vas upoznali sa na\u0161im uslugama, kako biste imali jasniju sliku o nama. Foto Fle\u0161 kao fotografska radnja i studio je po\u010deo sa radom 1996. godine u Ba\u010dkoj Palanci&nbsp; [&hellip;]","og_url":"https:\/\/fotofles.rs\/index.php\/about\/","article_modified_time":"2023-03-21T17:43:15+00:00","og_image":[{"url":"https:\/\/fotofles.rs\/wp-content\/uploads\/2023\/03\/LOGO-HEADING-MALI2.png"}],"twitter_card":"summary_large_image","twitter_misc":{"Est. reading time":"3 minutes"},"schema":{"@context":"https:\/\/schema.org","@graph":[{"@type":"WebPage","@id":"https:\/\/fotofles.rs\/index.php\/about\/","url":"https:\/\/fotofles.rs\/index.php\/about\/","name":"O NAMA -","isPartOf":{"@id":"https:\/\/fotofles.rs\/#website"},"datePublished":"2017-12-17T10:06:43+00:00","dateModified":"2023-03-21T17:43:15+00:00","breadcrumb":{"@id":"https:\/\/fotofles.rs\/index.php\/about\/#breadcrumb"},"inLanguage":"en-US","potentialAction":[{"@type":"ReadAction","target":["https:\/\/fotofles.rs\/index.php\/about\/"]}]},{"@type":"BreadcrumbList","@id":"https:\/\/fotofles.rs\/index.php\/about\/#breadcrumb","itemListElement":[{"@type":"ListItem","position":1,"name":"Home","item":"https:\/\/fotofles.rs\/"},{"@type":"ListItem","position":2,"name":"O NAMA"}]},{"@type":"WebSite","@id":"https:\/\/fotofles.rs\/#website","url":"https:\/\/fotofles.rs\/","name":"","description":"30 godina sa Vama","potentialAction":[{"@type":"SearchAction","target":{"@type":"EntryPoint","urlTemplate":"https:\/\/fotofles.rs\/?s={search_term_string}"},"query-input":"required name=search_term_string"}],"inLanguage":"en-US"}]}},"_links":{"self":[{"href":"https:\/\/fotofles.rs\/index.php\/wp-json\/wp\/v2\/pages\/152","targetHints":{"allow":["GET"]}}],"collection":[{"href":"https:\/\/fotofles.rs\/index.php\/wp-json\/wp\/v2\/pages"}],"about":[{"href":"https:\/\/fotofles.rs\/index.php\/wp-json\/wp\/v2\/types\/page"}],"author":[{"embeddable":true,"href":"https:\/\/fotofles.rs\/index.php\/wp-json\/wp\/v2\/users\/1"}],"replies":[{"embeddable":true,"href":"https:\/\/fotofles.rs\/index.php\/wp-json\/wp\/v2\/comments?post=152"}],"version-history":[{"count":25,"href":"https:\/\/fotofles.rs\/index.php\/wp-json\/wp\/v2\/pages\/152\/revisions"}],"predecessor-version":[{"id":1993,"href":"https:\/\/fotofles.rs\/index.php\/wp-json\/wp\/v2\/pages\/152\/revisions\/1993"}],"wp:attachment":[{"href":"https:\/\/fotofles.rs\/index.php\/wp-json\/wp\/v2\/media?parent=152"}],"curies":[{"name":"wp","href":"https:\/\/api.w.org\/{rel}","templated":true}]}}