{"id":1340,"date":"2023-03-14T15:47:35","date_gmt":"2023-03-14T15:47:35","guid":{"rendered":"https:\/\/fotofles.rs\/?page_id=1340"},"modified":"2023-03-16T15:07:24","modified_gmt":"2023-03-16T15:07:24","slug":"personalizovani","status":"publish","type":"page","link":"https:\/\/fotofles.rs\/index.php\/personalizovani\/","title":{"rendered":"PERSONALIZOVANI"},"content":{"rendered":"<div id=\"pl-1340\"  class=\"panel-layout\" ><div id=\"pg-1340-0\"  class=\"panel-grid panel-no-style\" ><div id=\"pgc-1340-0-0\"  class=\"panel-grid-cell\" ><div id=\"panel-1340-0-0-0\" class=\"so-panel widget widget_sow-editor panel-first-child panel-last-child\" data-index=\"0\" ><div\n\t\t\t\n\t\t\tclass=\"so-widget-sow-editor so-widget-sow-editor-base\"\n\t\t\t\n\t\t>\n<div class=\"siteorigin-widget-tinymce textwidget\">\n\t<p>\u017delite li originalana poklon? I u toj prilici mo\u017eemo da Vam<br \/>\nse na\u0111emo pri ruci. U ponudi Foto Fle\u0161a je izrada kalendara sa<br \/>\nfotografijama koje odaberete, izrada foto puzli i \u0161tampanje<br \/>\nfotografija na \u0161oljama i majicama kao i izrada privezaka.<\/p>\n<p>&nbsp;<\/p>\n<h4><style type=\"text\/css\" scoped>.rbs_gallery_69fc8cc98dc74Spinner{\r\n\t\t\t\tmargin: 50px auto;\r\n\t\t\t\twidth: 50px;\r\n\t\t\t\theight: 40px;\r\n\t\t\t\ttext-align: center;\r\n\t\t\t\tfont-size: 10px;\r\n\t\t\t}\r\n\t\t\t.rbs_gallery_69fc8cc98dc74Spinner > div{\r\n\t\t\t  background-color: #333;\r\n\t\t\t  height: 100%;\r\n\t\t\t  width: 6px;\r\n\t\t\t  display: inline-block;\r\n\t\t\t  -webkit-animation: rbs_gallery_69fc8cc98dc74-stretchdelay 1.2s infinite ease-in-out;\r\n\t\t\t  animation: rbs_gallery_69fc8cc98dc74-stretchdelay 1.2s infinite ease-in-out;\r\n\t\t\t}\r\n\t\t\t.rbs_gallery_69fc8cc98dc74Spinner .rbs_gallery_69fc8cc98dc74Rect2 {\r\n\t\t\t  -webkit-animation-delay: -1.1s;\r\n\t\t\t  animation-delay: -1.1s;\r\n\t\t\t}\r\n\t\t\t.rbs_gallery_69fc8cc98dc74Spinner .rbs_gallery_69fc8cc98dc74Rect3 {\r\n\t\t\t  -webkit-animation-delay: -1.0s;\r\n\t\t\t  animation-delay: -1.0s;\r\n\t\t\t}\r\n\t\t\t.rbs_gallery_69fc8cc98dc74Spinner .rbs_gallery_69fc8cc98dc74Rect4 {\r\n\t\t\t  -webkit-animation-delay: -0.9s;\r\n\t\t\t  animation-delay: -0.9s;\r\n\t\t\t}\r\n\t\t\t.rbs_gallery_69fc8cc98dc74Spinner .rbs_gallery_69fc8cc98dc74Rect5 {\r\n\t\t\t  -webkit-animation-delay: -0.8s;\r\n\t\t\t  animation-delay: -0.8s;\r\n\t\t\t}\r\n\t\t\t@-webkit-keyframes rbs_gallery_69fc8cc98dc74-stretchdelay {\r\n\t\t\t  0%, 40%, 100% { -webkit-transform: scaleY(0.4) }  \r\n\t\t\t  20% { -webkit-transform: scaleY(1.0) }\r\n\t\t\t}\r\n\t\t\t@keyframes rbs_gallery_69fc8cc98dc74-stretchdelay {\r\n\t\t\t  0%, 40%, 100% { \r\n\t\t\t    transform: scaleY(0.4);\r\n\t\t\t    -webkit-transform: scaleY(0.4);\r\n\t\t\t  }  20% { \r\n\t\t\t    transform: scaleY(1.0);\r\n\t\t\t    -webkit-transform: scaleY(1.0);\r\n\t\t\t  }\r\n\t\t\t}\r\n\t\t<\/style><div class=\"robo-gallery-wrap robo-gallery-wrap-id1706 robo-gallery-grid\" ><div id=\"rbs_gallery_69fc8cc98dc74-block-loader\" class=\"rbs_gallery_69fc8cc98dc74Spinner\"><div class=\"rbs_gallery_69fc8cc98dc74Rect1\"><\/div> <div class=\"rbs_gallery_69fc8cc98dc74Rect2\"><\/div> <div class=\"rbs_gallery_69fc8cc98dc74Rect3\"><\/div> <div class=\"rbs_gallery_69fc8cc98dc74Rect4\"><\/div> <div class=\"rbs_gallery_69fc8cc98dc74Rect5\"><\/div><\/div><div id=\"robo_gallery_main_block_rbs_gallery_69fc8cc98dc74\" class=\"robogallery-gallery-1706\" style=\"width:100%;  display: none;\"><div id=\"rbs_gallery_69fc8cc98dc74\" data-options=\"rbs_gallery_69fc8cc98dc74\" style=\"width:100%;\" class=\"robo_gallery  \"><div class=\"rbs-img  category1706 \" ><div class=\"rbs-img-image   rbs-lightbox \" ><div class=\"rbs-img-thumbs\"  data-thumbnail=\"https:\/\/fotofles.rs\/wp-content\/uploads\/2023\/03\/1678696411219.jpg\"  title=\"1678696411219\"  data-width=\"736\"  data-height=\"736\" ><\/div><div class=\"rbs-img-data-popup\"  data-popup=\"https:\/\/fotofles.rs\/wp-content\/uploads\/2023\/03\/1678696411219.jpg\"  title=\"1678696411219\" ><\/div><div class=\"thumbnail-overlay\"><div class=\"rbsTitle \">1678696411219<\/div><div class=\"rbsIcons\"><i class=\"fa fa-search-plus rbsZoomIcon \" ><\/i><\/div><\/div><\/div><\/div><div class=\"rbs-img  category1706 \" ><div class=\"rbs-img-image   rbs-lightbox \" ><div class=\"rbs-img-thumbs\"  data-thumbnail=\"https:\/\/fotofles.rs\/wp-content\/uploads\/2023\/03\/1678696411239.jpg\"  title=\"1678696411239\"  data-width=\"590\"  data-height=\"590\" ><\/div><div class=\"rbs-img-data-popup\"  data-popup=\"https:\/\/fotofles.rs\/wp-content\/uploads\/2023\/03\/1678696411239.jpg\"  title=\"1678696411239\" ><\/div><div class=\"thumbnail-overlay\"><div class=\"rbsTitle \">1678696411239<\/div><div class=\"rbsIcons\"><i class=\"fa fa-search-plus rbsZoomIcon \" ><\/i><\/div><\/div><\/div><\/div><div class=\"rbs-img  category1706 \" ><div class=\"rbs-img-image   rbs-lightbox \" ><div class=\"rbs-img-thumbs\"  data-thumbnail=\"https:\/\/fotofles.rs\/wp-content\/uploads\/2023\/03\/1678696411257.jpg\"  title=\"1678696411257\"  data-width=\"736\"  data-height=\"736\" ><\/div><div class=\"rbs-img-data-popup\"  data-popup=\"https:\/\/fotofles.rs\/wp-content\/uploads\/2023\/03\/1678696411257.jpg\"  title=\"1678696411257\" ><\/div><div class=\"thumbnail-overlay\"><div class=\"rbsTitle \">1678696411257<\/div><div class=\"rbsIcons\"><i class=\"fa fa-search-plus rbsZoomIcon \" ><\/i><\/div><\/div><\/div><\/div><\/div><\/div><\/div><script>var rbs_gallery_69fc8cc98dc74 = {\"version\":\"3.2.13\",\"id\":1706,\"class\":\"id1706\",\"roboGalleryDelay\":1000,\"mainContainer\":\"#robo_gallery_main_block_rbs_gallery_69fc8cc98dc74\",\"loadingContainer\":\"#rbs_gallery_69fc8cc98dc74-block-loader\",\"loadingContainerObj\":\"rbs_gallery_69fc8cc98dc74-block-loader\",\"columnWidth\":\"auto\",\"columns\":3,\"resolutions\":[{\"columnWidth\":\"auto\",\"columns\":3,\"maxWidth\":960},{\"columnWidth\":\"auto\",\"columns\":2,\"maxWidth\":650},{\"columnWidth\":\"auto\",\"columns\":1,\"maxWidth\":450}],\"lightboxOptions\":{\"gallery\":{\"enabled\":true,\"tCounter\":\"%curr% of %total%\"}},\"overlayEffect\":\"direction-aware-fade\",\"boxesToLoadStart\":12,\"boxesToLoad\":8,\"waitUntilThumbLoads\":1,\"LoadingWord\":\"Loading...\",\"loadMoreWord\":\"Load More\",\"noMoreEntriesWord\":\"No More Entries\",\"horizontalSpaceBetweenBoxes\":15,\"verticalSpaceBetweenBoxes\":15,\"lazyLoad\":1,\"wrapContainer\":\"#robo-gallery-wrap-rbs_gallery_69fc8cc98dc74\"};<\/script><\/h4>\n<p>&nbsp;<\/p>\n<div id=\"gtx-trans\" style=\"position: absolute; left: -60px; top: -4.51042px;\">\n<div class=\"gtx-trans-icon\">&nbsp;<\/div>\n<\/div>\n<\/div>\n<\/div><\/div><\/div><\/div><\/div><div class=\"stellissimo-container\" style=\"background-color:FFF\">\n\t\t\t\t   <p>Enter the text or HTML code here<\/p>\n               <\/div>","protected":false},"excerpt":{"rendered":"<p>\u017delite li originalana poklon? I u toj prilici mo\u017eemo da Vam se na\u0111emo pri ruci. U ponudi Foto Fle\u0161a je izrada kalendara sa fotografijama koje odaberete, izrada foto puzli i \u0161tampanje fotografija na \u0161oljama i majicama kao i izrada privezaka. &nbsp; &nbsp; &nbsp;<\/p>\n","protected":false},"author":1,"featured_media":0,"parent":0,"menu_order":0,"comment_status":"closed","ping_status":"closed","template":"","meta":{"ngg_post_thumbnail":0,"footnotes":""},"class_list":["post-1340","page","type-page","status-publish","hentry"],"yoast_head":"<!-- This site is optimized with the Yoast SEO plugin v20.3 - https:\/\/yoast.com\/wordpress\/plugins\/seo\/ -->\n<title>PERSONALIZOVANI -<\/title>\n<meta name=\"robots\" content=\"index, follow, max-snippet:-1, max-image-preview:large, max-video-preview:-1\" \/>\n<link rel=\"canonical\" href=\"https:\/\/fotofles.rs\/index.php\/personalizovani\/\" \/>\n<meta property=\"og:locale\" content=\"en_US\" \/>\n<meta property=\"og:type\" content=\"article\" \/>\n<meta property=\"og:title\" content=\"PERSONALIZOVANI -\" \/>\n<meta property=\"og:description\" content=\"\u017delite li originalana poklon? I u toj prilici mo\u017eemo da Vam se na\u0111emo pri ruci. U ponudi Foto Fle\u0161a je izrada kalendara sa fotografijama koje odaberete, izrada foto puzli i \u0161tampanje fotografija na \u0161oljama i majicama kao i izrada privezaka. &nbsp; &nbsp; &nbsp;\" \/>\n<meta property=\"og:url\" content=\"https:\/\/fotofles.rs\/index.php\/personalizovani\/\" \/>\n<meta property=\"article:modified_time\" content=\"2023-03-16T15:07:24+00:00\" \/>\n<meta name=\"twitter:card\" content=\"summary_large_image\" \/>\n<meta name=\"twitter:label1\" content=\"Est. reading time\" \/>\n\t<meta name=\"twitter:data1\" content=\"1 minute\" \/>\n<script type=\"application\/ld+json\" class=\"yoast-schema-graph\">{\"@context\":\"https:\/\/schema.org\",\"@graph\":[{\"@type\":\"WebPage\",\"@id\":\"https:\/\/fotofles.rs\/index.php\/personalizovani\/\",\"url\":\"https:\/\/fotofles.rs\/index.php\/personalizovani\/\",\"name\":\"PERSONALIZOVANI -\",\"isPartOf\":{\"@id\":\"https:\/\/fotofles.rs\/#website\"},\"datePublished\":\"2023-03-14T15:47:35+00:00\",\"dateModified\":\"2023-03-16T15:07:24+00:00\",\"breadcrumb\":{\"@id\":\"https:\/\/fotofles.rs\/index.php\/personalizovani\/#breadcrumb\"},\"inLanguage\":\"en-US\",\"potentialAction\":[{\"@type\":\"ReadAction\",\"target\":[\"https:\/\/fotofles.rs\/index.php\/personalizovani\/\"]}]},{\"@type\":\"BreadcrumbList\",\"@id\":\"https:\/\/fotofles.rs\/index.php\/personalizovani\/#breadcrumb\",\"itemListElement\":[{\"@type\":\"ListItem\",\"position\":1,\"name\":\"Home\",\"item\":\"https:\/\/fotofles.rs\/\"},{\"@type\":\"ListItem\",\"position\":2,\"name\":\"PERSONALIZOVANI\"}]},{\"@type\":\"WebSite\",\"@id\":\"https:\/\/fotofles.rs\/#website\",\"url\":\"https:\/\/fotofles.rs\/\",\"name\":\"\",\"description\":\"30 godina sa Vama\",\"potentialAction\":[{\"@type\":\"SearchAction\",\"target\":{\"@type\":\"EntryPoint\",\"urlTemplate\":\"https:\/\/fotofles.rs\/?s={search_term_string}\"},\"query-input\":\"required name=search_term_string\"}],\"inLanguage\":\"en-US\"}]}<\/script>\n<!-- \/ Yoast SEO plugin. -->","yoast_head_json":{"title":"PERSONALIZOVANI -","robots":{"index":"index","follow":"follow","max-snippet":"max-snippet:-1","max-image-preview":"max-image-preview:large","max-video-preview":"max-video-preview:-1"},"canonical":"https:\/\/fotofles.rs\/index.php\/personalizovani\/","og_locale":"en_US","og_type":"article","og_title":"PERSONALIZOVANI -","og_description":"\u017delite li originalana poklon? I u toj prilici mo\u017eemo da Vam se na\u0111emo pri ruci. U ponudi Foto Fle\u0161a je izrada kalendara sa fotografijama koje odaberete, izrada foto puzli i \u0161tampanje fotografija na \u0161oljama i majicama kao i izrada privezaka. &nbsp; &nbsp; &nbsp;","og_url":"https:\/\/fotofles.rs\/index.php\/personalizovani\/","article_modified_time":"2023-03-16T15:07:24+00:00","twitter_card":"summary_large_image","twitter_misc":{"Est. reading time":"1 minute"},"schema":{"@context":"https:\/\/schema.org","@graph":[{"@type":"WebPage","@id":"https:\/\/fotofles.rs\/index.php\/personalizovani\/","url":"https:\/\/fotofles.rs\/index.php\/personalizovani\/","name":"PERSONALIZOVANI -","isPartOf":{"@id":"https:\/\/fotofles.rs\/#website"},"datePublished":"2023-03-14T15:47:35+00:00","dateModified":"2023-03-16T15:07:24+00:00","breadcrumb":{"@id":"https:\/\/fotofles.rs\/index.php\/personalizovani\/#breadcrumb"},"inLanguage":"en-US","potentialAction":[{"@type":"ReadAction","target":["https:\/\/fotofles.rs\/index.php\/personalizovani\/"]}]},{"@type":"BreadcrumbList","@id":"https:\/\/fotofles.rs\/index.php\/personalizovani\/#breadcrumb","itemListElement":[{"@type":"ListItem","position":1,"name":"Home","item":"https:\/\/fotofles.rs\/"},{"@type":"ListItem","position":2,"name":"PERSONALIZOVANI"}]},{"@type":"WebSite","@id":"https:\/\/fotofles.rs\/#website","url":"https:\/\/fotofles.rs\/","name":"","description":"30 godina sa Vama","potentialAction":[{"@type":"SearchAction","target":{"@type":"EntryPoint","urlTemplate":"https:\/\/fotofles.rs\/?s={search_term_string}"},"query-input":"required name=search_term_string"}],"inLanguage":"en-US"}]}},"_links":{"self":[{"href":"https:\/\/fotofles.rs\/index.php\/wp-json\/wp\/v2\/pages\/1340","targetHints":{"allow":["GET"]}}],"collection":[{"href":"https:\/\/fotofles.rs\/index.php\/wp-json\/wp\/v2\/pages"}],"about":[{"href":"https:\/\/fotofles.rs\/index.php\/wp-json\/wp\/v2\/types\/page"}],"author":[{"embeddable":true,"href":"https:\/\/fotofles.rs\/index.php\/wp-json\/wp\/v2\/users\/1"}],"replies":[{"embeddable":true,"href":"https:\/\/fotofles.rs\/index.php\/wp-json\/wp\/v2\/comments?post=1340"}],"version-history":[{"count":6,"href":"https:\/\/fotofles.rs\/index.php\/wp-json\/wp\/v2\/pages\/1340\/revisions"}],"predecessor-version":[{"id":1903,"href":"https:\/\/fotofles.rs\/index.php\/wp-json\/wp\/v2\/pages\/1340\/revisions\/1903"}],"wp:attachment":[{"href":"https:\/\/fotofles.rs\/index.php\/wp-json\/wp\/v2\/media?parent=1340"}],"curies":[{"name":"wp","href":"https:\/\/api.w.org\/{rel}","templated":true}]}}